    {"id":2,"date":"2016-02-03T13:33:33","date_gmt":"2016-02-03T12:33:33","guid":{"rendered":"http:\/\/www2.emiwa.pl\/?page_id=2"},"modified":"2016-05-30T14:40:43","modified_gmt":"2016-05-30T12:40:43","slug":"przykladowa-strona","status":"publish","type":"page","link":"https:\/\/www.emiwa.pl\/?page_id=2","title":{"rendered":"Regulamin"},"content":{"rendered":"<p>Zach\u0119cam ka\u017cd\u0105 osob\u0119 komentuj\u0105c\u0105 moje wpisy do zapoznania si\u0119 z tym regulaminem.<\/p>\n<p>Zasady umieszczania komentarzy s\u0105 proste:<\/p>\n<ol>\n<li>Komentowa\u0107 mo\u017ce ka\u017cdy bez konieczno\u015bci rejestrowania si\u0119.<\/li>\n<li>Po\u017c\u0105dane s\u0105 komentarze pozytywne aczkolwiek negatywne nie b\u0119d\u0105 usuwane. \ud83d\ude42<\/li>\n<li>Komentarze nale\u017cy stara\u0107 si\u0119 pisa\u0107 zgodnie z zasadami polskiej ortografii i nie u\u017cywa\u0107 \u017cargonu kalecz\u0105cego j\u0119zyk polski.<\/li>\n<li>Zabronione s\u0105 wpisy wulgarne, obra\u017aliwe lub w jakikolwiek inny spos\u00f3b \u0142ami\u0105cych regulamin czy te\u017c prawo polskie. Takie komentarze b\u0119d\u0105 usuwane.<\/li>\n<\/ol>\n","protected":false},"excerpt":{"rendered":"<p>Zach\u0119cam ka\u017cd\u0105 osob\u0119 komentuj\u0105c\u0105 moje wpisy do zapoznania si\u0119 z tym regulaminem. Zasady umieszczania komentarzy s\u0105 proste: Komentowa\u0107 mo\u017ce ka\u017cdy bez konieczno\u015bci rejestrowania si\u0119. Po\u017c\u0105dane s\u0105 komentarze pozytywne aczkolwiek negatywne nie b\u0119d\u0105 usuwane. \ud83d\ude42 Komentarze nale\u017cy stara\u0107 si\u0119 pisa\u0107 zgodnie z zasadami polskiej ortografii i nie u\u017cywa\u0107 \u017cargonu kalecz\u0105cego j\u0119zyk polski. Zabronione s\u0105 wpisy wulgarne, &hellip; <a href=\"https:\/\/www.emiwa.pl\/?page_id=2\" class=\"more-link\">Czytaj dalej <span class=\"screen-reader-text\">Regulamin<\/span> <span class=\"meta-nav\">&rarr;<\/span><\/a><\/p>\n","protected":false},"author":1,"featured_media":0,"parent":0,"menu_order":0,"comment_status":"closed","ping_status":"open","template":"","meta":{"footnotes":""},"class_list":["post-2","page","type-page","status-publish","hentry"],"_links":{"self":[{"href":"https:\/\/www.emiwa.pl\/index.php?rest_route=\/wp\/v2\/pages\/2","targetHints":{"allow":["GET"]}}],"collection":[{"href":"https:\/\/www.emiwa.pl\/index.php?rest_route=\/wp\/v2\/pages"}],"about":[{"href":"https:\/\/www.emiwa.pl\/index.php?rest_route=\/wp\/v2\/types\/page"}],"author":[{"embeddable":true,"href":"https:\/\/www.emiwa.pl\/index.php?rest_route=\/wp\/v2\/users\/1"}],"replies":[{"embeddable":true,"href":"https:\/\/www.emiwa.pl\/index.php?rest_route=%2Fwp%2Fv2%2Fcomments&post=2"}],"version-history":[{"count":2,"href":"https:\/\/www.emiwa.pl\/index.php?rest_route=\/wp\/v2\/pages\/2\/revisions"}],"predecessor-version":[{"id":141,"href":"https:\/\/www.emiwa.pl\/index.php?rest_route=\/wp\/v2\/pages\/2\/revisions\/141"}],"wp:attachment":[{"href":"https:\/\/www.emiwa.pl\/index.php?rest_route=%2Fwp%2Fv2%2Fmedia&parent=2"}],"curies":[{"name":"wp","href":"https:\/\/api.w.org\/{rel}","templated":true}]}}