    {"id":149,"date":"2016-05-30T15:34:45","date_gmt":"2016-05-30T13:34:45","guid":{"rendered":"http:\/\/www2.emiwa.pl\/?page_id=149"},"modified":"2016-06-10T14:04:35","modified_gmt":"2016-06-10T12:04:35","slug":"o-mnie","status":"publish","type":"page","link":"https:\/\/www.emiwa.pl\/?page_id=149","title":{"rendered":"O mnie"},"content":{"rendered":"<p>Witam wszystkich,<\/p>\n<p>kt\u00f3rzy jakim\u015b trafem zaw\u0119drowali na m t\u0105 stron\u0119 i zach\u0119cam do komentowania moich wpis\u00f3w.<\/p>\n<p>Od lat zajmuje si\u0119 wszystkim co kr\u0119ci si\u0119 wok\u00f3\u0142 komputer\u00f3w. Projektuje i wykonuje sieci komputerowe. Instaluje i administruje serwerami zar\u00f3wno tymi opartymi o r\u00f3\u017cne wersje systemu Windows jaki i Linux. Pomoc zwyk\u0142ym u\u017cytkownikom PCt\u00f3w te\u017c wchodzi\u0142 w zakres moich obowi\u0105zk\u00f3w. Z wykszta\u0142cenia jestem elektronikiem i po za sieciami komputerowymi projektuje oraz instaluje systemy alarmowe. Kamery i monitoring te\u017c nie jest mi obcy. Ci\u0105gle te\u017c zajmuje si\u0119 serwisem urz\u0105dze\u0144 elektronicznych. G\u0142ownie drukarek i komputer\u00f3w przemys\u0142owych. Jak widzisz drogi czytelniku troch\u0119 tego jest a poniewa\u017c jak to pisz\u0105 w sieci: &#8222;jak nie masz strony www lub nie ma Ci\u0119 na Facebooku to znaczy, \u017ce nie istniejesz&#8221; to pomy\u015bla\u0142em, \u017ce mo\u017ce pora zaistnie\u0107 w sieci i podzieli\u0107 si\u0119 z innymi swoj\u0105 skromna wiedz\u0105. A mo\u017ce jeszcze przy okazji mo\u017ce troszk\u0119 j\u0105 systematyzuj\u0105c.<\/p>\n<p>Waldek<\/p>\n","protected":false},"excerpt":{"rendered":"<p>Witam wszystkich, kt\u00f3rzy jakim\u015b trafem zaw\u0119drowali na m t\u0105 stron\u0119 i zach\u0119cam do komentowania moich wpis\u00f3w. Od lat zajmuje si\u0119 wszystkim co kr\u0119ci si\u0119 wok\u00f3\u0142 komputer\u00f3w. Projektuje i wykonuje sieci komputerowe. Instaluje i administruje serwerami zar\u00f3wno tymi opartymi o r\u00f3\u017cne wersje systemu Windows jaki i Linux. Pomoc zwyk\u0142ym u\u017cytkownikom PCt\u00f3w te\u017c wchodzi\u0142 w zakres moich &hellip; <a href=\"https:\/\/www.emiwa.pl\/?page_id=149\" class=\"more-link\">Czytaj dalej <span class=\"screen-reader-text\">O mnie<\/span> <span class=\"meta-nav\">&rarr;<\/span><\/a><\/p>\n","protected":false},"author":1,"featured_media":0,"parent":0,"menu_order":0,"comment_status":"closed","ping_status":"closed","template":"","meta":{"footnotes":""},"class_list":["post-149","page","type-page","status-publish","hentry"],"_links":{"self":[{"href":"https:\/\/www.emiwa.pl\/index.php?rest_route=\/wp\/v2\/pages\/149","targetHints":{"allow":["GET"]}}],"collection":[{"href":"https:\/\/www.emiwa.pl\/index.php?rest_route=\/wp\/v2\/pages"}],"about":[{"href":"https:\/\/www.emiwa.pl\/index.php?rest_route=\/wp\/v2\/types\/page"}],"author":[{"embeddable":true,"href":"https:\/\/www.emiwa.pl\/index.php?rest_route=\/wp\/v2\/users\/1"}],"replies":[{"embeddable":true,"href":"https:\/\/www.emiwa.pl\/index.php?rest_route=%2Fwp%2Fv2%2Fcomments&post=149"}],"version-history":[{"count":6,"href":"https:\/\/www.emiwa.pl\/index.php?rest_route=\/wp\/v2\/pages\/149\/revisions"}],"predecessor-version":[{"id":163,"href":"https:\/\/www.emiwa.pl\/index.php?rest_route=\/wp\/v2\/pages\/149\/revisions\/163"}],"wp:attachment":[{"href":"https:\/\/www.emiwa.pl\/index.php?rest_route=%2Fwp%2Fv2%2Fmedia&parent=149"}],"curies":[{"name":"wp","href":"https:\/\/api.w.org\/{rel}","templated":true}]}}